{"id":79,"date":"2023-09-18T15:16:52","date_gmt":"2023-09-18T15:16:52","guid":{"rendered":"https:\/\/ecalder.com\/SA\/?page_id=79"},"modified":"2026-01-04T15:35:00","modified_gmt":"2026-01-04T20:35:00","slug":"servicios","status":"publish","type":"page","link":"https:\/\/ecalder.com\/SA\/servicios\/","title":{"rendered":"Servicios"},"content":{"rendered":"<p>[et_pb_section fb_built=&#8221;1&#8243; _builder_version=&#8221;4.22.1&#8243; _module_preset=&#8221;default&#8221; background_enable_mask_style=&#8221;on&#8221; background_mask_style=&#8221;paint&#8221; background_mask_color=&#8221;rgba(131,0,232,0.31)&#8221; background_mask_transform=&#8221;invert&#8221; background_mask_size=&#8221;contain&#8221; global_colors_info=&#8221;{}&#8221;][et_pb_row _builder_version=&#8221;4.22.1&#8243; _module_preset=&#8221;default&#8221; global_colors_info=&#8221;{}&#8221;][et_pb_column type=&#8221;4_4&#8243; _builder_version=&#8221;4.22.1&#8243; _module_preset=&#8221;default&#8221; global_colors_info=&#8221;{}&#8221;][et_pb_heading title=&#8221;@ET-DC@eyJkeW5hbWljIjp0cnVlLCJjb250ZW50IjoicG9zdF90aXRsZSIsInNldHRpbmdzIjp7ImJlZm9yZSI6IiIsImFmdGVyIjoiIn19@&#8221; _builder_version=&#8221;4.22.1&#8243; _dynamic_attributes=&#8221;title&#8221; _module_preset=&#8221;default&#8221; title_font=&#8221;Cinzel Decorative|900||||on|||&#8221; title_text_align=&#8221;center&#8221; title_text_color=&#8221;#000000&#8243; title_font_size=&#8221;50px&#8221; title_letter_spacing=&#8221;1px&#8221; background_enable_mask_style=&#8221;on&#8221; background_mask_style=&#8221;paint&#8221; background_mask_color=&#8221;rgba(131,0,232,0.5)&#8221; background_mask_transform=&#8221;flip_horizontal|invert&#8221; global_colors_info=&#8221;{}&#8221;][\/et_pb_heading][\/et_pb_column][\/et_pb_row][et_pb_row column_structure=&#8221;2_5,3_5&#8243; disabled_on=&#8221;off|off|off&#8221; _builder_version=&#8221;4.22.1&#8243; _module_preset=&#8221;default&#8221; global_colors_info=&#8221;{}&#8221;][et_pb_column type=&#8221;2_5&#8243; _builder_version=&#8221;4.22.1&#8243; _module_preset=&#8221;default&#8221; global_colors_info=&#8221;{}&#8221;][et_pb_image src=&#8221;https:\/\/ecalder.com\/SA\/wp-content\/uploads\/2023\/09\/1-5ef2ded6-e95d-421e-844b-01db2a5467ae-800&#215;480.jpg&#8221; align=&#8221;center&#8221; _builder_version=&#8221;4.22.1&#8243; _module_preset=&#8221;default&#8221; module_alignment=&#8221;center&#8221; border_radii=&#8221;on|15px|15px|15px|15px&#8221; box_shadow_style=&#8221;preset3&#8243; box_shadow_blur=&#8221;35px&#8221; box_shadow_spread=&#8221;-7px&#8221; global_colors_info=&#8221;{}&#8221;][\/et_pb_image][\/et_pb_column][et_pb_column type=&#8221;3_5&#8243; _builder_version=&#8221;4.22.1&#8243; _module_preset=&#8221;default&#8221; global_colors_info=&#8221;{}&#8221;][et_pb_text _builder_version=&#8221;4.22.1&#8243; _module_preset=&#8221;default&#8221; header_2_text_align=&#8221;center&#8221; custom_padding=&#8221;10px|15px|0px|15px|false|true&#8221; global_colors_info=&#8221;{}&#8221;]<\/p>\n<h2 style=\"text-align: center;\">Asesor\u00eda<\/h2>\n<p>[\/et_pb_text][et_pb_text _builder_version=&#8221;4.22.1&#8243; _module_preset=&#8221;default&#8221; background_enable_color=&#8221;off&#8221; background_enable_mask_style=&#8221;off&#8221; text_orientation=&#8221;center&#8221; custom_padding=&#8221;10px|10px|10px|10px|true|true&#8221; border_width_all=&#8221;2px&#8221; border_color_all=&#8221;#8300E9&#8243; global_colors_info=&#8221;{}&#8221;]<\/p>\n<p>Escribir un libro no tiene porqu\u00e9 ser algo solitario y complicado. \u00bfRequieres ayuda?, s\u00f3lo tienes que pedirla.<\/p>\n<p>[\/et_pb_text][et_pb_blurb title=&#8221;Desarrollo de concepto&#8221; _builder_version=&#8221;4.22.1&#8243; _module_preset=&#8221;default&#8221; header_font=&#8221;Cinzel Decorative|700||||on|||&#8221; header_letter_spacing=&#8221;1px&#8221; body_line_height=&#8221;1.5em&#8221; locked=&#8221;off&#8221; global_colors_info=&#8221;{}&#8221;]<\/p>\n<p>Si ya tienes una idea general de lo que quieres, pero no sabes c\u00f3mo llevarla a cabo, yo te ayudo con la visi\u00f3n panor\u00e1mica de tu proyecto. Recuerda que un libro es mucho m\u00e1s de lo que ves; detr\u00e1s de \u00e9l hay un concepto, un tema, un g\u00e9nero&#8230; y yo puedo ayudarte a descubrirlos.<\/p>\n<p>[\/et_pb_blurb][et_pb_blurb title=&#8221;Diagn\u00f3stico literario&#8221; _builder_version=&#8221;4.22.1&#8243; _module_preset=&#8221;default&#8221; header_font=&#8221;Cinzel Decorative|700||||on|||&#8221; header_letter_spacing=&#8221;1px&#8221; body_line_height=&#8221;1.5em&#8221; locked=&#8221;off&#8221; global_colors_info=&#8221;{}&#8221;]<\/p>\n<p>Una de las cosas m\u00e1s dif\u00edciles de escribir es evaluar nuestros propios textos y notar sus \u00e1reas de oportunidad: el narrador, los personajes, la curva dram\u00e1tica, los tiempos verbales, los hoyos en la trama&#8230; Perm\u00edteme analizarlo y darte un diagn\u00f3stico, para que puedas entregar a tu lector el mejor texto posible.<\/p>\n<p>[\/et_pb_blurb][et_pb_blurb title=&#8221;Coach de escritura&#8221; _builder_version=&#8221;4.22.1&#8243; _module_preset=&#8221;default&#8221; header_font=&#8221;Cinzel Decorative|700||||on|||&#8221; header_letter_spacing=&#8221;1px&#8221; body_line_height=&#8221;1.5em&#8221; locked=&#8221;off&#8221; global_colors_info=&#8221;{}&#8221;]<\/p>\n<p>En ocasiones, lo \u00fanico que necesitas es a alguien con quien rebotar ideas; en otras, quien te muestre otros caminos para tu historia y, casi siempre, a alguien que te asesore en los temas t\u00e9cnicos que desconoces. Solo as\u00ed podr\u00e1s aprovechar a\u00fan m\u00e1s cada uno de los elementos de tu historia. Date la oportunidad de tener ese acompa\u00f1amiento.<\/p>\n<p>[\/et_pb_blurb][\/et_pb_column][\/et_pb_row][et_pb_row column_structure=&#8221;3_5,2_5&#8243; _builder_version=&#8221;4.22.1&#8243; _module_preset=&#8221;default&#8221; global_colors_info=&#8221;{}&#8221;][et_pb_column type=&#8221;3_5&#8243; _builder_version=&#8221;4.22.1&#8243; _module_preset=&#8221;default&#8221; global_colors_info=&#8221;{}&#8221;][et_pb_text _builder_version=&#8221;4.22.1&#8243; _module_preset=&#8221;default&#8221; header_2_text_align=&#8221;center&#8221; custom_padding=&#8221;10px|15px|0px|15px|false|true&#8221; global_colors_info=&#8221;{}&#8221;]<\/p>\n<h2 style=\"text-align: center;\">Creaci\u00f3n<\/h2>\n<p>[\/et_pb_text][et_pb_text _builder_version=&#8221;4.22.1&#8243; _module_preset=&#8221;default&#8221; background_enable_color=&#8221;off&#8221; background_enable_mask_style=&#8221;off&#8221; text_orientation=&#8221;center&#8221; custom_padding=&#8221;10px|10px|10px|10px|true|true&#8221; border_width_all=&#8221;2px&#8221; border_color_all=&#8221;#8300E9&#8243; global_colors_info=&#8221;{}&#8221;]<\/p>\n<p>Aunque sea tu libro, no todo lo tienes que hacer t\u00fa.<\/p>\n<p>[\/et_pb_text][et_pb_blurb title=&#8221;Dise\u00f1o de portadas&#8221; _builder_version=&#8221;4.22.1&#8243; _module_preset=&#8221;default&#8221; header_font=&#8221;Cinzel Decorative|700||||on|||&#8221; header_letter_spacing=&#8221;1px&#8221; body_line_height=&#8221;1.5em&#8221; text_orientation=&#8221;right&#8221; global_colors_info=&#8221;{}&#8221;]<\/p>\n<p>La portada es la carta de presentaci\u00f3n de tu libro, aseg\u00farate de tener una que vaya de acuerdo al g\u00e9nero literario y a la edad de tus lectores potenciales. Echa un ojo al carrusel de la p\u00e1gina de inicio, ah\u00ed podr\u00e1s darte una idea de lo que puedo hacer por ti.<\/p>\n<p>[\/et_pb_blurb][et_pb_blurb title=&#8221;Traducci\u00f3n literaria&#8221; _builder_version=&#8221;4.22.1&#8243; _module_preset=&#8221;default&#8221; header_font=&#8221;Cinzel Decorative|700||||on|||&#8221; header_letter_spacing=&#8221;1px&#8221; body_line_height=&#8221;1.5em&#8221; text_orientation=&#8221;right&#8221; global_colors_info=&#8221;{}&#8221;]<\/p>\n<p>Tener tu libro en ingl\u00e9s y en espa\u00f1ol te abrir\u00e1 m\u00e1s puertas que solo tenerlo en un idioma. Eso es un hecho. Pero recuerda que traducir un texto literario (cuento, novela, memorias) o de no-ficci\u00f3n (t\u00e9cnico o de autoayuda) no es como traducir cualquier otro escrito. Las reglas gramaticales y de puntuaci\u00f3n cambian de un idioma a otro, por lo que es aconsejable contratar a un profesional. \u00bfCu\u00e1ndo quieres que comencemos a traducir el tuyo?<\/p>\n<p>[\/et_pb_blurb][et_pb_blurb title=&#8221;Escritor fantasma (Ghostwriter)&#8221; _builder_version=&#8221;4.22.1&#8243; _module_preset=&#8221;default&#8221; header_font=&#8221;Cinzel Decorative|700||||on|||&#8221; header_letter_spacing=&#8221;1px&#8221; body_line_height=&#8221;1.5em&#8221; text_orientation=&#8221;right&#8221; global_colors_info=&#8221;{}&#8221;]<\/p>\n<p>Si quieres \u2014o necesitas\u2014 escribir un libro, pero no tienes tiempo o no sabes c\u00f3mo, yo lo hago por ti. T\u00fa pones la historia y yo capturo el alma de tus palabras y le doy forma a tus ideas. Yo escribo el libro, t\u00fa lo firmas.<\/p>\n<p>[\/et_pb_blurb][et_pb_blurb title=&#8221;Artificaci\u00f3n&#8221; disabled_on=&#8221;on|on|on&#8221; _builder_version=&#8221;4.22.1&#8243; _module_preset=&#8221;default&#8221; header_font=&#8221;Cinzel Decorative|700||||on|||&#8221; header_letter_spacing=&#8221;1px&#8221; body_line_height=&#8221;1.5em&#8221; text_orientation=&#8221;right&#8221; disabled=&#8221;on&#8221; global_colors_info=&#8221;{}&#8221;]<\/p>\n<p>Este es un proceso que se realiza a fotograf\u00edas de buena calidad, para que parezcan obras de arte realizadas con diversas t\u00e9cnicas.<\/p>\n<p>[\/et_pb_blurb][\/et_pb_column][et_pb_column type=&#8221;2_5&#8243; _builder_version=&#8221;4.22.1&#8243; _module_preset=&#8221;default&#8221; global_colors_info=&#8221;{}&#8221;][et_pb_image src=&#8221;https:\/\/ecalder.com\/SA\/wp-content\/uploads\/2023\/09\/0-5e271e21-bf12-45e5-8f5a-fc45c1c7716d-800&#215;480.jpg&#8221; align=&#8221;center&#8221; _builder_version=&#8221;4.22.1&#8243; _module_preset=&#8221;default&#8221; module_alignment=&#8221;center&#8221; border_radii=&#8221;on|15px|15px|15px|15px&#8221; box_shadow_style=&#8221;preset3&#8243; box_shadow_blur=&#8221;35px&#8221; box_shadow_spread=&#8221;-7px&#8221; global_colors_info=&#8221;{}&#8221;][\/et_pb_image][\/et_pb_column][\/et_pb_row][et_pb_row column_structure=&#8221;2_5,3_5&#8243; _builder_version=&#8221;4.22.1&#8243; _module_preset=&#8221;default&#8221; global_colors_info=&#8221;{}&#8221;][et_pb_column type=&#8221;2_5&#8243; _builder_version=&#8221;4.22.1&#8243; _module_preset=&#8221;default&#8221; global_colors_info=&#8221;{}&#8221;][et_pb_image src=&#8221;https:\/\/ecalder.com\/SA\/wp-content\/uploads\/2023\/09\/2-120406e5-f0dc-44a7-9526-9117a068eb79-800&#215;480.jpg&#8221; align=&#8221;center&#8221; _builder_version=&#8221;4.22.1&#8243; _module_preset=&#8221;default&#8221; module_alignment=&#8221;center&#8221; border_radii=&#8221;on|15px|15px|15px|15px&#8221; box_shadow_style=&#8221;preset3&#8243; box_shadow_blur=&#8221;35px&#8221; box_shadow_spread=&#8221;-7px&#8221; global_colors_info=&#8221;{}&#8221;][\/et_pb_image][\/et_pb_column][et_pb_column type=&#8221;3_5&#8243; _builder_version=&#8221;4.22.1&#8243; _module_preset=&#8221;default&#8221; global_colors_info=&#8221;{}&#8221;][et_pb_text _builder_version=&#8221;4.22.1&#8243; _module_preset=&#8221;default&#8221; header_2_text_align=&#8221;center&#8221; custom_padding=&#8221;10px|15px|0px|15px|false|true&#8221; global_colors_info=&#8221;{}&#8221;]<\/p>\n<h2 style=\"text-align: center;\">Edici\u00f3n y correcci\u00f3n<\/h2>\n<p>[\/et_pb_text][et_pb_text _builder_version=&#8221;4.22.1&#8243; _module_preset=&#8221;default&#8221; background_enable_color=&#8221;off&#8221; background_enable_mask_style=&#8221;off&#8221; text_orientation=&#8221;center&#8221; custom_padding=&#8221;10px|10px|10px|10px|true|true&#8221; border_width_all=&#8221;2px&#8221; border_color_all=&#8221;#8300E9&#8243; global_colors_info=&#8221;{}&#8221;]<\/p>\n<p>T\u00fa eres el autor\u2026 y tienes la \u00faltima palabra. Mi tarea como editor y corrector es ayudarte a que tu texto luzca lo mejor posible al minimizar los inevitables errores que comentemos al momento de escribir.<\/p>\n<p>[\/et_pb_text][et_pb_blurb title=&#8221;Edici\u00f3n de mesa&#8221; _builder_version=&#8221;4.22.1&#8243; _module_preset=&#8221;default&#8221; header_font=&#8221;Cinzel Decorative|700||||on|||&#8221; header_letter_spacing=&#8221;1px&#8221; body_line_height=&#8221;1.5em&#8221; locked=&#8221;off&#8221; global_colors_info=&#8221;{}&#8221;]<\/p>\n<p>La edici\u00f3n de mesa va m\u00e1s all\u00e1 de un diagn\u00f3stico literario. Analizo cap\u00edtulo por cap\u00edtulo, escena por escena \u2014o tema por tema\u2014, y hago recomendaciones puntuales para cambios espec\u00edficos en el orden y pertinencia de las escenas \u2014o de los temas\u2014, indico los hoyos en la trama y ofrezco las posibles soluciones que podr\u00edas implementar para mejorar el manuscrito.<\/p>\n<p>[\/et_pb_blurb][et_pb_blurb title=&#8221;Correcci\u00f3n de estilo&#8221; _builder_version=&#8221;4.22.1&#8243; _module_preset=&#8221;default&#8221; header_font=&#8221;Cinzel Decorative|700||||on|||&#8221; header_letter_spacing=&#8221;1px&#8221; body_line_height=&#8221;1.5em&#8221; locked=&#8221;off&#8221; global_colors_info=&#8221;{}&#8221;]<\/p>\n<p>Un buen corrector no pretende cambiar tu estilo, sino hacerlo brillar. La correcci\u00f3n de estilo pretende corregir algunos vicios del lenguaje, como cacofon\u00edas; repeticiones de conceptos, ideas o palabras; errores de puntuaci\u00f3n, entre otros.<\/p>\n<p>[\/et_pb_blurb][et_pb_blurb title=&#8221;Correcci\u00f3n ortotipogr\u00e1fica&#8221; _builder_version=&#8221;4.22.1&#8243; _module_preset=&#8221;default&#8221; header_font=&#8221;Cinzel Decorative|700||||on|||&#8221; header_letter_spacing=&#8221;1px&#8221; body_line_height=&#8221;1.5em&#8221; locked=&#8221;off&#8221; global_colors_info=&#8221;{}&#8221;]<\/p>\n<p>Esta es la \u00faltima etapa de la correcci\u00f3n, en donde se priorizan la ortograf\u00eda, el correcto uso de may\u00fasculas, negritas, it\u00e1licas, comillas, rayas de di\u00e1logo, etc. Parece f\u00e1cil, pero no todos estamos familiarizados con las reglas\u2026 o c\u00f3mo estas van cambiando a lo largo de los a\u00f1os.<\/p>\n<p>[\/et_pb_blurb][\/et_pb_column][\/et_pb_row][et_pb_row column_structure=&#8221;3_5,2_5&#8243; _builder_version=&#8221;4.22.1&#8243; _module_preset=&#8221;default&#8221; global_colors_info=&#8221;{}&#8221;][et_pb_column type=&#8221;3_5&#8243; _builder_version=&#8221;4.22.1&#8243; _module_preset=&#8221;default&#8221; global_colors_info=&#8221;{}&#8221;][et_pb_text _builder_version=&#8221;4.22.1&#8243; _module_preset=&#8221;default&#8221; header_2_text_align=&#8221;center&#8221; custom_padding=&#8221;10px|15px|0px|15px|false|true&#8221; global_colors_info=&#8221;{}&#8221;]<\/p>\n<h2 style=\"text-align: center;\">Publicaci\u00f3n<\/h2>\n<p>[\/et_pb_text][et_pb_text _builder_version=&#8221;4.22.1&#8243; _module_preset=&#8221;default&#8221; background_enable_color=&#8221;off&#8221; background_enable_mask_style=&#8221;off&#8221; text_orientation=&#8221;center&#8221; custom_padding=&#8221;10px|10px|10px|10px|true|true&#8221; border_width_all=&#8221;2px&#8221; border_color_all=&#8221;#8300E9&#8243; global_colors_info=&#8221;{}&#8221;]<\/p>\n<p>Con tu texto editado y corregido, ahora viene el siguiente paso: compartirlo con el mundo. Esto puede ser de manera impresa y\/o como libro electr\u00f3nico (e-book). Yo ya pas\u00e9 a\u00f1os aprendiendo dise\u00f1o editorial y maquetaci\u00f3n, para que t\u00fa no tengas que hacerlo. Aprov\u00e9chame.<\/p>\n<p>[\/et_pb_text][et_pb_blurb title=&#8221;Maquetaci\u00f3n para impresi\u00f3n&#8221; _builder_version=&#8221;4.22.1&#8243; _module_preset=&#8221;default&#8221; header_font=&#8221;Cinzel Decorative|700||||on|||&#8221; header_letter_spacing=&#8221;1px&#8221; body_line_height=&#8221;1.5em&#8221; text_orientation=&#8221;right&#8221; global_colors_info=&#8221;{}&#8221;]<\/p>\n<p>Cada libro es \u00fanico y tiene su propia personalidad: desde la colocaci\u00f3n tama\u00f1o y tipograf\u00eda de los t\u00edtulos y subt\u00edtulos, hasta cuando y donde aparece el n\u00famero de la p\u00e1gina, pasando por los m\u00e1rgenes adecuados para el tama\u00f1o del libro, la posible incorporaci\u00f3n de im\u00e1genes en el texto (fotos, dibujos o vectores) y c\u00f3mo marcar los cambios de escena. \u00bfQuieres que comencemos?<\/p>\n<p>[\/et_pb_blurb][et_pb_blurb title=&#8221;Maquetaci\u00f3n para e-book&#8221; _builder_version=&#8221;4.22.1&#8243; _module_preset=&#8221;default&#8221; header_font=&#8221;Cinzel Decorative|700||||on|||&#8221; header_letter_spacing=&#8221;1px&#8221; body_line_height=&#8221;1.5em&#8221; text_orientation=&#8221;right&#8221; global_colors_info=&#8221;{}&#8221;]<\/p>\n<p>Una vez que tu libro est\u00e9 maquetado para impresi\u00f3n, aprovecha para que lo adapte como e-book y puedas captar a ese gran mercado de quienes gustan de leer a trav\u00e9s de dispositivos electr\u00f3nicos.<\/p>\n<p>[\/et_pb_blurb][et_pb_blurb title=&#8221;Publicaci\u00f3n en Amazon y otras redes&#8221; _builder_version=&#8221;4.22.1&#8243; _module_preset=&#8221;default&#8221; header_font=&#8221;Cinzel Decorative|700||||on|||&#8221; header_letter_spacing=&#8221;1px&#8221; body_line_height=&#8221;1.5em&#8221; text_orientation=&#8221;right&#8221; global_colors_info=&#8221;{}&#8221;]<\/p>\n<p>Con el libro ya maquetado \u2014ya sea para impresi\u00f3n, para e-book o ambos\u2014, es hora de crear tu cuenta de autor en Amazon, para que puedas vender tu libro en la librer\u00eda en l\u00ednea m\u00e1s grande del mundo. Si ya la tienes, hacemos todo el proceso para que tu libro quede correctamente cargado en la plataforma. As\u00ed mismo, te ense\u00f1o a crear tu perfil de autor en la plataforma. Y, si quieres diversificarte en otras redes, hay otras tiendas virtuales en las que podemos incluir tu libro.<\/p>\n<p>[\/et_pb_blurb][\/et_pb_column][et_pb_column type=&#8221;2_5&#8243; _builder_version=&#8221;4.22.1&#8243; _module_preset=&#8221;default&#8221; global_colors_info=&#8221;{}&#8221;][et_pb_image src=&#8221;https:\/\/ecalder.com\/SA\/wp-content\/uploads\/2023\/09\/2-4cc59b6e-0640-4c21-b76b-7884864764cd-800&#215;480.jpg&#8221; align=&#8221;center&#8221; _builder_version=&#8221;4.22.1&#8243; _module_preset=&#8221;default&#8221; module_alignment=&#8221;center&#8221; border_radii=&#8221;on|15px|15px|15px|15px&#8221; box_shadow_style=&#8221;preset3&#8243; box_shadow_blur=&#8221;35px&#8221; box_shadow_spread=&#8221;-7px&#8221; global_colors_info=&#8221;{}&#8221;][\/et_pb_image][\/et_pb_column][\/et_pb_row][et_pb_row disabled_on=&#8221;on|on|on&#8221; _builder_version=&#8221;4.22.1&#8243; _module_preset=&#8221;default&#8221; disabled=&#8221;on&#8221; global_colors_info=&#8221;{}&#8221;][et_pb_column type=&#8221;4_4&#8243; _builder_version=&#8221;4.22.1&#8243; _module_preset=&#8221;default&#8221; global_colors_info=&#8221;{}&#8221;][et_pb_cta title=&#8221;\u00a1P\u00edde tu cotizaci\u00f3n!&#8221; button_url=&#8221;@ET-DC@eyJkeW5hbWljIjp0cnVlLCJjb250ZW50IjoicG9zdF9hdXRob3JfdXJsIiwic2V0dGluZ3MiOnt9fQ==@&#8221; button_text=&#8221;Haz click aqu\u00ed&#8221; _builder_version=&#8221;4.22.1&#8243; _dynamic_attributes=&#8221;button_url&#8221; _module_preset=&#8221;default&#8221; button_alignment=&#8221;center&#8221; hover_enabled=&#8221;0&#8243; global_colors_info=&#8221;{}&#8221; sticky_enabled=&#8221;0&#8243;][\/et_pb_cta][\/et_pb_column][\/et_pb_row][\/et_pb_section]<\/p>\n","protected":false},"excerpt":{"rendered":"<p>Asesor\u00edaEscribir un libro no tiene porqu\u00e9 ser algo solitario y complicado. \u00bfRequieres ayuda?, s\u00f3lo tienes que pedirla.Si ya tienes una idea general de lo que quieres, pero no sabes c\u00f3mo llevarla a cabo, yo te ayudo con la visi\u00f3n panor\u00e1mica de tu proyecto. Recuerda que un libro es mucho m\u00e1s de lo que ves; detr\u00e1s [&hellip;]<\/p>\n","protected":false},"author":1,"featured_media":0,"parent":0,"menu_order":0,"comment_status":"closed","ping_status":"closed","template":"","meta":{"_et_pb_use_builder":"on","_et_pb_old_content":"","_et_gb_content_width":"","om_disable_all_campaigns":false,"_monsterinsights_skip_tracking":false,"_monsterinsights_sitenote_active":false,"_monsterinsights_sitenote_note":"","_monsterinsights_sitenote_category":0,"footnotes":""},"class_list":["post-79","page","type-page","status-publish","hentry"],"yoast_head":"<!-- This site is optimized with the Yoast SEO plugin v27.4 - https:\/\/yoast.com\/product\/yoast-seo-wordpress\/ -->\n<title>Servicios - EC Servicios Editoriales<\/title>\n<meta name=\"robots\" content=\"index, follow, max-snippet:-1, max-image-preview:large, max-video-preview:-1\" \/>\n<link rel=\"canonical\" href=\"https:\/\/ecalder.com\/SA\/servicios\/\" \/>\n<meta property=\"og:locale\" content=\"es_MX\" \/>\n<meta property=\"og:type\" content=\"article\" \/>\n<meta property=\"og:title\" content=\"Servicios - EC Servicios Editoriales\" \/>\n<meta property=\"og:description\" content=\"Asesor\u00edaEscribir un libro no tiene porqu\u00e9 ser algo solitario y complicado. \u00bfRequieres ayuda?, s\u00f3lo tienes que pedirla.Si ya tienes una idea general de lo que quieres, pero no sabes c\u00f3mo llevarla a cabo, yo te ayudo con la visi\u00f3n panor\u00e1mica de tu proyecto. Recuerda que un libro es mucho m\u00e1s de lo que ves; detr\u00e1s [&hellip;]\" \/>\n<meta property=\"og:url\" content=\"https:\/\/ecalder.com\/SA\/servicios\/\" \/>\n<meta property=\"og:site_name\" content=\"EC Servicios Editoriales\" \/>\n<meta property=\"article:modified_time\" content=\"2026-01-04T20:35:00+00:00\" \/>\n<meta name=\"twitter:card\" content=\"summary_large_image\" \/>\n<script type=\"application\/ld+json\" class=\"yoast-schema-graph\">{\"@context\":\"https:\\\/\\\/schema.org\",\"@graph\":[{\"@type\":\"WebPage\",\"@id\":\"https:\\\/\\\/ecalder.com\\\/SA\\\/servicios\\\/\",\"url\":\"https:\\\/\\\/ecalder.com\\\/SA\\\/servicios\\\/\",\"name\":\"Servicios - EC Servicios Editoriales\",\"isPartOf\":{\"@id\":\"https:\\\/\\\/ecalder.com\\\/SA\\\/#website\"},\"datePublished\":\"2023-09-18T15:16:52+00:00\",\"dateModified\":\"2026-01-04T20:35:00+00:00\",\"breadcrumb\":{\"@id\":\"https:\\\/\\\/ecalder.com\\\/SA\\\/servicios\\\/#breadcrumb\"},\"inLanguage\":\"es\",\"potentialAction\":[{\"@type\":\"ReadAction\",\"target\":[\"https:\\\/\\\/ecalder.com\\\/SA\\\/servicios\\\/\"]}]},{\"@type\":\"BreadcrumbList\",\"@id\":\"https:\\\/\\\/ecalder.com\\\/SA\\\/servicios\\\/#breadcrumb\",\"itemListElement\":[{\"@type\":\"ListItem\",\"position\":1,\"name\":\"Home\",\"item\":\"https:\\\/\\\/ecalder.com\\\/SA\\\/\"},{\"@type\":\"ListItem\",\"position\":2,\"name\":\"Servicios\"}]},{\"@type\":\"WebSite\",\"@id\":\"https:\\\/\\\/ecalder.com\\\/SA\\\/#website\",\"url\":\"https:\\\/\\\/ecalder.com\\\/SA\\\/\",\"name\":\"EC Servicios Editoriales\",\"description\":\"Porque todos podemos escribir mejor\",\"potentialAction\":[{\"@type\":\"SearchAction\",\"target\":{\"@type\":\"EntryPoint\",\"urlTemplate\":\"https:\\\/\\\/ecalder.com\\\/SA\\\/?s={search_term_string}\"},\"query-input\":{\"@type\":\"PropertyValueSpecification\",\"valueRequired\":true,\"valueName\":\"search_term_string\"}}],\"inLanguage\":\"es\"}]}<\/script>\n<!-- \/ Yoast SEO plugin. -->","yoast_head_json":{"title":"Servicios - EC Servicios Editoriales","robots":{"index":"index","follow":"follow","max-snippet":"max-snippet:-1","max-image-preview":"max-image-preview:large","max-video-preview":"max-video-preview:-1"},"canonical":"https:\/\/ecalder.com\/SA\/servicios\/","og_locale":"es_MX","og_type":"article","og_title":"Servicios - EC Servicios Editoriales","og_description":"Asesor\u00edaEscribir un libro no tiene porqu\u00e9 ser algo solitario y complicado. \u00bfRequieres ayuda?, s\u00f3lo tienes que pedirla.Si ya tienes una idea general de lo que quieres, pero no sabes c\u00f3mo llevarla a cabo, yo te ayudo con la visi\u00f3n panor\u00e1mica de tu proyecto. Recuerda que un libro es mucho m\u00e1s de lo que ves; detr\u00e1s [&hellip;]","og_url":"https:\/\/ecalder.com\/SA\/servicios\/","og_site_name":"EC Servicios Editoriales","article_modified_time":"2026-01-04T20:35:00+00:00","twitter_card":"summary_large_image","schema":{"@context":"https:\/\/schema.org","@graph":[{"@type":"WebPage","@id":"https:\/\/ecalder.com\/SA\/servicios\/","url":"https:\/\/ecalder.com\/SA\/servicios\/","name":"Servicios - EC Servicios Editoriales","isPartOf":{"@id":"https:\/\/ecalder.com\/SA\/#website"},"datePublished":"2023-09-18T15:16:52+00:00","dateModified":"2026-01-04T20:35:00+00:00","breadcrumb":{"@id":"https:\/\/ecalder.com\/SA\/servicios\/#breadcrumb"},"inLanguage":"es","potentialAction":[{"@type":"ReadAction","target":["https:\/\/ecalder.com\/SA\/servicios\/"]}]},{"@type":"BreadcrumbList","@id":"https:\/\/ecalder.com\/SA\/servicios\/#breadcrumb","itemListElement":[{"@type":"ListItem","position":1,"name":"Home","item":"https:\/\/ecalder.com\/SA\/"},{"@type":"ListItem","position":2,"name":"Servicios"}]},{"@type":"WebSite","@id":"https:\/\/ecalder.com\/SA\/#website","url":"https:\/\/ecalder.com\/SA\/","name":"EC Servicios Editoriales","description":"Porque todos podemos escribir mejor","potentialAction":[{"@type":"SearchAction","target":{"@type":"EntryPoint","urlTemplate":"https:\/\/ecalder.com\/SA\/?s={search_term_string}"},"query-input":{"@type":"PropertyValueSpecification","valueRequired":true,"valueName":"search_term_string"}}],"inLanguage":"es"}]}},"jetpack_sharing_enabled":true,"_links":{"self":[{"href":"https:\/\/ecalder.com\/SA\/wp-json\/wp\/v2\/pages\/79","targetHints":{"allow":["GET"]}}],"collection":[{"href":"https:\/\/ecalder.com\/SA\/wp-json\/wp\/v2\/pages"}],"about":[{"href":"https:\/\/ecalder.com\/SA\/wp-json\/wp\/v2\/types\/page"}],"author":[{"embeddable":true,"href":"https:\/\/ecalder.com\/SA\/wp-json\/wp\/v2\/users\/1"}],"replies":[{"embeddable":true,"href":"https:\/\/ecalder.com\/SA\/wp-json\/wp\/v2\/comments?post=79"}],"version-history":[{"count":15,"href":"https:\/\/ecalder.com\/SA\/wp-json\/wp\/v2\/pages\/79\/revisions"}],"predecessor-version":[{"id":436,"href":"https:\/\/ecalder.com\/SA\/wp-json\/wp\/v2\/pages\/79\/revisions\/436"}],"wp:attachment":[{"href":"https:\/\/ecalder.com\/SA\/wp-json\/wp\/v2\/media?parent=79"}],"curies":[{"name":"wp","href":"https:\/\/api.w.org\/{rel}","templated":true}]}}