{"id":111,"date":"2023-09-18T16:47:08","date_gmt":"2023-09-18T16:47:08","guid":{"rendered":"https:\/\/ecalder.com\/SA\/?page_id=111"},"modified":"2026-01-07T04:46:49","modified_gmt":"2026-01-07T09:46:49","slug":"acerca-de","status":"publish","type":"page","link":"https:\/\/ecalder.com\/SA\/acerca-de\/","title":{"rendered":"Acerca de"},"content":{"rendered":"<p>[et_pb_section fb_built=&#8221;1&#8243; _builder_version=&#8221;4.22.1&#8243; _module_preset=&#8221;default&#8221; background_enable_mask_style=&#8221;on&#8221; background_mask_style=&#8221;paint&#8221; background_mask_color=&#8221;rgba(131,0,232,0.31)&#8221; background_mask_transform=&#8221;invert&#8221; background_mask_size=&#8221;contain&#8221; custom_padding=&#8221;||2px|||&#8221; global_colors_info=&#8221;{}&#8221;][et_pb_row _builder_version=&#8221;4.22.1&#8243; _module_preset=&#8221;default&#8221; global_colors_info=&#8221;{}&#8221;][et_pb_column type=&#8221;4_4&#8243; _builder_version=&#8221;4.22.1&#8243; _module_preset=&#8221;default&#8221; global_colors_info=&#8221;{}&#8221;][et_pb_heading title=&#8221;@ET-DC@eyJkeW5hbWljIjp0cnVlLCJjb250ZW50IjoicG9zdF90aXRsZSIsInNldHRpbmdzIjp7ImJlZm9yZSI6IiIsImFmdGVyIjoiIn19@&#8221; _builder_version=&#8221;4.22.1&#8243; _dynamic_attributes=&#8221;title&#8221; _module_preset=&#8221;default&#8221; title_font=&#8221;Cinzel Decorative|900||||on|||&#8221; title_text_align=&#8221;center&#8221; title_text_color=&#8221;#000000&#8243; title_font_size=&#8221;50px&#8221; title_letter_spacing=&#8221;1px&#8221; background_enable_mask_style=&#8221;on&#8221; background_mask_style=&#8221;paint&#8221; background_mask_color=&#8221;rgba(131,0,232,0.5)&#8221; background_mask_transform=&#8221;flip_horizontal|invert&#8221; locked=&#8221;off&#8221; global_colors_info=&#8221;{}&#8221;][\/et_pb_heading][\/et_pb_column][\/et_pb_row][et_pb_row column_structure=&#8221;1_2,1_2&#8243; _builder_version=&#8221;4.22.1&#8243; _module_preset=&#8221;default&#8221; custom_margin=&#8221;||25px||false|false&#8221; global_colors_info=&#8221;{}&#8221;][et_pb_column type=&#8221;1_2&#8243; _builder_version=&#8221;4.22.1&#8243; _module_preset=&#8221;default&#8221; global_colors_info=&#8221;{}&#8221;][et_pb_text _builder_version=&#8221;4.22.1&#8243; _module_preset=&#8221;default&#8221; header_2_font=&#8221;Times New Roman|||||on|||&#8221; header_2_text_color=&#8221;#000000&#8243; header_2_font_size=&#8221;65px&#8221; header_2_line_height=&#8221;0.5em&#8221; header_3_font=&#8221;|||||on|||&#8221; background_enable_color=&#8221;off&#8221; background_enable_mask_style=&#8221;off&#8221; custom_margin=&#8221;70px||23px||false|false&#8221; header_2_text_shadow_style=&#8221;preset3&#8243; global_colors_info=&#8221;{}&#8221;]<\/p>\n<h2 style=\"text-align: center;\"><span style=\"color: #333399;\">Emilio<\/span> <span style=\"color: #cc99ff;\">Calder\u00f3n<\/span><\/h2>\n<p>[\/et_pb_text][et_pb_text _builder_version=&#8221;4.22.1&#8243; _module_preset=&#8221;default&#8221; text_font=&#8221;|600||||on|||&#8221; text_text_color=&#8221;#FFFFFF&#8221; text_font_size=&#8221;18px&#8221; background_color=&#8221;#8300E9&#8243; background_enable_mask_style=&#8221;off&#8221; module_alignment=&#8221;center&#8221; custom_margin=&#8221;||||false|true&#8221; custom_padding=&#8221;40px|50px|40px|50px|true|true&#8221; global_colors_info=&#8221;{}&#8221;]<\/p>\n<p style=\"text-align: center;\"><em>Escritor, editor, fot\u00f3grafo, dise\u00f1ador y traductor originario de la Ciudad de M\u00e9xico.<\/em><\/p>\n<p style=\"text-align: center;\"><em>En 2012, despu\u00e9s de vivir en 16 ciudades distintas, finalmente ech\u00f3 ra\u00edces en Canc\u00fan.<\/em><\/p>\n<p>&nbsp;<\/p>\n<p>[\/et_pb_text][\/et_pb_column][et_pb_column type=&#8221;1_2&#8243; _builder_version=&#8221;4.22.1&#8243; _module_preset=&#8221;default&#8221; global_colors_info=&#8221;{}&#8221;][et_pb_image src=&#8221;https:\/\/ecalder.com\/SA\/wp-content\/uploads\/2023\/09\/ECA-2.png&#8221; title_text=&#8221;ECA 2&#8243; show_bottom_space=&#8221;off&#8221; force_fullwidth=&#8221;on&#8221; _builder_version=&#8221;4.22.1&#8243; _module_preset=&#8221;default&#8221; module_alignment=&#8221;center&#8221; custom_margin=&#8221;||||false|false&#8221; filter_brightness=&#8221;106%&#8221; filter_sepia=&#8221;49%&#8221; border_radii=&#8221;on|15px|15px|15px|15px&#8221; border_width_right=&#8221;2px&#8221; border_color_right=&#8221;#8300E9&#8243; border_width_bottom=&#8221;2px&#8221; border_color_bottom=&#8221;#8300E9&#8243; global_colors_info=&#8221;{}&#8221;][\/et_pb_image][\/et_pb_column][\/et_pb_row][et_pb_row disabled_on=&#8221;off|off|off&#8221; _builder_version=&#8221;4.22.1&#8243; _module_preset=&#8221;default&#8221; global_colors_info=&#8221;{}&#8221;][et_pb_column type=&#8221;4_4&#8243; _builder_version=&#8221;4.22.1&#8243; _module_preset=&#8221;default&#8221; global_colors_info=&#8221;{}&#8221;][et_pb_text _builder_version=&#8221;4.22.1&#8243; _module_preset=&#8221;default&#8221; background_enable_color=&#8221;off&#8221; background_enable_mask_style=&#8221;off&#8221; global_colors_info=&#8221;{}&#8221;]<\/p>\n<p>Ha sido becario del Diplomado de Creaci\u00f3n Literaria, impartido por el INBAL (Instituto Nacional de Bellas Artes, Literatura); tom\u00f3 el Taller de Terror y Fantas\u00eda oscura, impartido por Mario Cruz, a trav\u00e9s de la SOGEM; curs\u00f3 el taller de Correcci\u00f3n de Estilo, impartido por Lili Jara; asisti\u00f3 a diversos talleres y diplomados de escritura creativa, poes\u00eda, correcci\u00f3n de estilo y dise\u00f1o; y es un \u00e1vido autodidacta.<\/p>\n<p>Desde 2014 es socio en Libr\u00e9lula Editores, en donde labora completo como editor, corrector, maquetador, traductor y tallerista.<\/p>\n<p>A trav\u00e9s de los talleres que imparte, ha ayudado a muchos escritores a mejorar su escritura y encontrar su voz auroral, adem\u00e1s de editar y traducir varios cuentos y novelas de autores independientes.<\/p>\n<p>Escribe bajo el seud\u00f3nimo <strong><em>E. Calder<\/em><\/strong>, con el que ha publicado en diversas revistas y antolog\u00edas.<\/p>\n<p>Actualmente, trabaja en diversos proyectos de escritura, tanto propios como de los escritores que acompa\u00f1a y asesora.<\/p>\n<p>[\/et_pb_text][\/et_pb_column][\/et_pb_row][et_pb_row _builder_version=&#8221;4.22.1&#8243; _module_preset=&#8221;default&#8221; custom_padding=&#8221;||0px|||&#8221; global_colors_info=&#8221;{}&#8221;][et_pb_column type=&#8221;4_4&#8243; _builder_version=&#8221;4.22.1&#8243; _module_preset=&#8221;default&#8221; global_colors_info=&#8221;{}&#8221;][et_pb_divider color=&#8221;gcid-e7ddfc68-f20c-47e3-9e07-fc68e71bd3b6&#8243; divider_style=&#8221;dashed&#8221; _builder_version=&#8221;4.22.1&#8243; _module_preset=&#8221;default&#8221; custom_margin=&#8221;0px||0px||false|false&#8221; custom_padding=&#8221;0px||0px||false|false&#8221; global_colors_info=&#8221;{%22gcid-e7ddfc68-f20c-47e3-9e07-fc68e71bd3b6%22:%91%22color%22%93}&#8221;][\/et_pb_divider][\/et_pb_column][\/et_pb_row][\/et_pb_section][et_pb_section fb_built=&#8221;1&#8243; _builder_version=&#8221;4.22.1&#8243; _module_preset=&#8221;default&#8221; custom_padding=&#8221;0px|||||&#8221; global_colors_info=&#8221;{}&#8221;][et_pb_row column_structure=&#8221;2_5,3_5&#8243; _builder_version=&#8221;4.22.1&#8243; _module_preset=&#8221;default&#8221; global_colors_info=&#8221;{}&#8221;][et_pb_column type=&#8221;2_5&#8243; _builder_version=&#8221;4.22.1&#8243; _module_preset=&#8221;default&#8221; global_colors_info=&#8221;{}&#8221;][et_pb_blurb title=&#8221;Antolog\u00edas:&#8221; use_icon=&#8221;on&#8221; font_icon=&#8221;&#xf5ad;||fa||900&#8243; icon_color=&#8221;#FFFFFF&#8221; icon_placement=&#8221;left&#8221; image_icon_width=&#8221;96px&#8221; _builder_version=&#8221;4.22.1&#8243; _module_preset=&#8221;default&#8221; image_icon_custom_margin=&#8221;||||false|false&#8221; image_icon_custom_padding=&#8221;|5px||20px|false|false&#8221; hover_enabled=&#8221;0&#8243; global_colors_info=&#8221;{}&#8221; sticky_enabled=&#8221;0&#8243;]<\/p>\n<p>Ha participado en diversas Antolog\u00edas:<\/p>\n<ul>\n<li><em>Realidad binaria<\/em> (Escinde, 2024): &#8220;Primer contacto&#8221;.<\/li>\n<li><em>Iridiscencias<\/em> (Libr\u00e9lula Editores, 2023): &#8220;23 de diciembre&#8221;.<\/li>\n<li><em>Si la arena hablara<\/em> (Escinde, 2023): &#8220;Mar y desierto&#8221;.<\/li>\n<li><em>Los filos del bistur\u00ed<\/em> (Libr\u00e9lula Editores, 2021): 8 cuentos.<\/li>\n<li><em>Dispersi\u00f3n<\/em> (Colectivo-Colectivo, 2013): &#8220;Labios Rojos&#8221;.<\/li>\n<\/ul>\n<p>Pr\u00f3ximamente:<\/p>\n<ul>\n<li><em>No abras la puerta<\/em> (Libr\u00e9lula Editores, 2025): 2 cuentos.<\/li>\n<li><em>7 pecados m\u00e1s uno<\/em> (2025)<\/li>\n<\/ul>\n<p>[\/et_pb_blurb][\/et_pb_column][et_pb_column type=&#8221;3_5&#8243; _builder_version=&#8221;4.22.1&#8243; _module_preset=&#8221;default&#8221; global_colors_info=&#8221;{}&#8221;][et_pb_blurb title=&#8221;Revistas:&#8221; use_icon=&#8221;on&#8221; font_icon=&#8221;&#xf5ad;||fa||900&#8243; icon_color=&#8221;#FFFFFF&#8221; icon_placement=&#8221;left&#8221; image_icon_width=&#8221;96px&#8221; _builder_version=&#8221;4.22.1&#8243; _module_preset=&#8221;default&#8221; image_icon_custom_margin=&#8221;||||false|false&#8221; image_icon_custom_padding=&#8221;|5px||20px|false|false&#8221; global_colors_info=&#8221;{}&#8221;]<\/p>\n<p>Ha participado con varios cuentos y art\u00edculos en diversas revistas f\u00edsicas y digitales.<\/p>\n<p>Cuentos:<\/p>\n<ul>\n<li><em>Tropo a la u\u00f1a<\/em>\n<ul>\n<li><em>\u201cEl guitarrista\u201d (<\/em>tomo 8, julio 2015)<\/li>\n<li>\u201cEl pozo\u201d (tomo 28, enero 2022);<\/li>\n<\/ul>\n<\/li>\n<li>Latitudes CCH\n<ul>\n<li>&#8220;Aire en G&#8221; y &#8220;Huellas&#8221; (octubre 2024)<\/li>\n<\/ul>\n<\/li>\n<\/ul>\n<p>Art\u00edculos:<\/p>\n<ul>\n<li><em>Mundo de escritores<\/em>\n<ul>\n<li>&#8220;Jardinero o arquitecto&#8221; (abril, 2020)<\/li>\n<li>&#8220;Punto de vista narrativo&#8221; (mayo, 2020)<\/li>\n<li>&#8220;\u00bfQui\u00e9n cuenta la historia?&#8221; (junio, 2020)<\/li>\n<li>&#8220;Finales de cuento&#8221; (julio 2020)<\/li>\n<li>&#8220;Mu\u00e9stralo, no lo digas&#8221; (agosto 2020)<\/li>\n<li>&#8220;Qu\u00e9 es una escena? P.1 (septiembre 2020)<\/li>\n<li>&#8220;Qu\u00e9 es una escena? P.2 (octubre 2020)<\/li>\n<\/ul>\n<\/li>\n<li><em>Canc\u00fan Sports<\/em>\n<ul>\n<li>Tai chi chuan (diciembre 2017)<\/li>\n<\/ul>\n<\/li>\n<\/ul>\n<p>[\/et_pb_blurb][\/et_pb_column][\/et_pb_row][\/et_pb_section]<\/p>\n","protected":false},"excerpt":{"rendered":"<p>Emilio Calder\u00f3nEscritor, editor, fot\u00f3grafo, dise\u00f1ador y traductor originario de la Ciudad de M\u00e9xico. En 2012, despu\u00e9s de vivir en 16 ciudades distintas, finalmente ech\u00f3 ra\u00edces en Canc\u00fan. &nbsp;Ha sido becario del Diplomado de Creaci\u00f3n Literaria, impartido por el INBAL (Instituto Nacional de Bellas Artes, Literatura); tom\u00f3 el Taller de Terror y Fantas\u00eda oscura, impartido por [&hellip;]<\/p>\n","protected":false},"author":1,"featured_media":0,"parent":0,"menu_order":0,"comment_status":"closed","ping_status":"closed","template":"","meta":{"_et_pb_use_builder":"on","_et_pb_old_content":"","_et_gb_content_width":"","om_disable_all_campaigns":false,"_monsterinsights_skip_tracking":false,"_monsterinsights_sitenote_active":false,"_monsterinsights_sitenote_note":"","_monsterinsights_sitenote_category":0,"footnotes":""},"class_list":["post-111","page","type-page","status-publish","hentry"],"yoast_head":"<!-- This site is optimized with the Yoast SEO plugin v27.4 - https:\/\/yoast.com\/product\/yoast-seo-wordpress\/ -->\n<title>Acerca de - EC Servicios Editoriales<\/title>\n<meta name=\"robots\" content=\"index, follow, max-snippet:-1, max-image-preview:large, max-video-preview:-1\" \/>\n<link rel=\"canonical\" href=\"https:\/\/ecalder.com\/SA\/acerca-de\/\" \/>\n<meta property=\"og:locale\" content=\"es_MX\" \/>\n<meta property=\"og:type\" content=\"article\" \/>\n<meta property=\"og:title\" content=\"Acerca de - EC Servicios Editoriales\" \/>\n<meta property=\"og:description\" content=\"Emilio Calder\u00f3nEscritor, editor, fot\u00f3grafo, dise\u00f1ador y traductor originario de la Ciudad de M\u00e9xico. En 2012, despu\u00e9s de vivir en 16 ciudades distintas, finalmente ech\u00f3 ra\u00edces en Canc\u00fan. &nbsp;Ha sido becario del Diplomado de Creaci\u00f3n Literaria, impartido por el INBAL (Instituto Nacional de Bellas Artes, Literatura); tom\u00f3 el Taller de Terror y Fantas\u00eda oscura, impartido por [&hellip;]\" \/>\n<meta property=\"og:url\" content=\"https:\/\/ecalder.com\/SA\/acerca-de\/\" \/>\n<meta property=\"og:site_name\" content=\"EC Servicios Editoriales\" \/>\n<meta property=\"article:modified_time\" content=\"2026-01-07T09:46:49+00:00\" \/>\n<meta name=\"twitter:card\" content=\"summary_large_image\" \/>\n<script type=\"application\/ld+json\" class=\"yoast-schema-graph\">{\"@context\":\"https:\\\/\\\/schema.org\",\"@graph\":[{\"@type\":\"WebPage\",\"@id\":\"https:\\\/\\\/ecalder.com\\\/SA\\\/acerca-de\\\/\",\"url\":\"https:\\\/\\\/ecalder.com\\\/SA\\\/acerca-de\\\/\",\"name\":\"Acerca de - EC Servicios Editoriales\",\"isPartOf\":{\"@id\":\"https:\\\/\\\/ecalder.com\\\/SA\\\/#website\"},\"datePublished\":\"2023-09-18T16:47:08+00:00\",\"dateModified\":\"2026-01-07T09:46:49+00:00\",\"breadcrumb\":{\"@id\":\"https:\\\/\\\/ecalder.com\\\/SA\\\/acerca-de\\\/#breadcrumb\"},\"inLanguage\":\"es\",\"potentialAction\":[{\"@type\":\"ReadAction\",\"target\":[\"https:\\\/\\\/ecalder.com\\\/SA\\\/acerca-de\\\/\"]}]},{\"@type\":\"BreadcrumbList\",\"@id\":\"https:\\\/\\\/ecalder.com\\\/SA\\\/acerca-de\\\/#breadcrumb\",\"itemListElement\":[{\"@type\":\"ListItem\",\"position\":1,\"name\":\"Home\",\"item\":\"https:\\\/\\\/ecalder.com\\\/SA\\\/\"},{\"@type\":\"ListItem\",\"position\":2,\"name\":\"Acerca de\"}]},{\"@type\":\"WebSite\",\"@id\":\"https:\\\/\\\/ecalder.com\\\/SA\\\/#website\",\"url\":\"https:\\\/\\\/ecalder.com\\\/SA\\\/\",\"name\":\"EC Servicios Editoriales\",\"description\":\"Porque todos podemos escribir mejor\",\"potentialAction\":[{\"@type\":\"SearchAction\",\"target\":{\"@type\":\"EntryPoint\",\"urlTemplate\":\"https:\\\/\\\/ecalder.com\\\/SA\\\/?s={search_term_string}\"},\"query-input\":{\"@type\":\"PropertyValueSpecification\",\"valueRequired\":true,\"valueName\":\"search_term_string\"}}],\"inLanguage\":\"es\"}]}<\/script>\n<!-- \/ Yoast SEO plugin. -->","yoast_head_json":{"title":"Acerca de - EC Servicios Editoriales","robots":{"index":"index","follow":"follow","max-snippet":"max-snippet:-1","max-image-preview":"max-image-preview:large","max-video-preview":"max-video-preview:-1"},"canonical":"https:\/\/ecalder.com\/SA\/acerca-de\/","og_locale":"es_MX","og_type":"article","og_title":"Acerca de - EC Servicios Editoriales","og_description":"Emilio Calder\u00f3nEscritor, editor, fot\u00f3grafo, dise\u00f1ador y traductor originario de la Ciudad de M\u00e9xico. En 2012, despu\u00e9s de vivir en 16 ciudades distintas, finalmente ech\u00f3 ra\u00edces en Canc\u00fan. &nbsp;Ha sido becario del Diplomado de Creaci\u00f3n Literaria, impartido por el INBAL (Instituto Nacional de Bellas Artes, Literatura); tom\u00f3 el Taller de Terror y Fantas\u00eda oscura, impartido por [&hellip;]","og_url":"https:\/\/ecalder.com\/SA\/acerca-de\/","og_site_name":"EC Servicios Editoriales","article_modified_time":"2026-01-07T09:46:49+00:00","twitter_card":"summary_large_image","schema":{"@context":"https:\/\/schema.org","@graph":[{"@type":"WebPage","@id":"https:\/\/ecalder.com\/SA\/acerca-de\/","url":"https:\/\/ecalder.com\/SA\/acerca-de\/","name":"Acerca de - EC Servicios Editoriales","isPartOf":{"@id":"https:\/\/ecalder.com\/SA\/#website"},"datePublished":"2023-09-18T16:47:08+00:00","dateModified":"2026-01-07T09:46:49+00:00","breadcrumb":{"@id":"https:\/\/ecalder.com\/SA\/acerca-de\/#breadcrumb"},"inLanguage":"es","potentialAction":[{"@type":"ReadAction","target":["https:\/\/ecalder.com\/SA\/acerca-de\/"]}]},{"@type":"BreadcrumbList","@id":"https:\/\/ecalder.com\/SA\/acerca-de\/#breadcrumb","itemListElement":[{"@type":"ListItem","position":1,"name":"Home","item":"https:\/\/ecalder.com\/SA\/"},{"@type":"ListItem","position":2,"name":"Acerca de"}]},{"@type":"WebSite","@id":"https:\/\/ecalder.com\/SA\/#website","url":"https:\/\/ecalder.com\/SA\/","name":"EC Servicios Editoriales","description":"Porque todos podemos escribir mejor","potentialAction":[{"@type":"SearchAction","target":{"@type":"EntryPoint","urlTemplate":"https:\/\/ecalder.com\/SA\/?s={search_term_string}"},"query-input":{"@type":"PropertyValueSpecification","valueRequired":true,"valueName":"search_term_string"}}],"inLanguage":"es"}]}},"jetpack_sharing_enabled":true,"_links":{"self":[{"href":"https:\/\/ecalder.com\/SA\/wp-json\/wp\/v2\/pages\/111","targetHints":{"allow":["GET"]}}],"collection":[{"href":"https:\/\/ecalder.com\/SA\/wp-json\/wp\/v2\/pages"}],"about":[{"href":"https:\/\/ecalder.com\/SA\/wp-json\/wp\/v2\/types\/page"}],"author":[{"embeddable":true,"href":"https:\/\/ecalder.com\/SA\/wp-json\/wp\/v2\/users\/1"}],"replies":[{"embeddable":true,"href":"https:\/\/ecalder.com\/SA\/wp-json\/wp\/v2\/comments?post=111"}],"version-history":[{"count":13,"href":"https:\/\/ecalder.com\/SA\/wp-json\/wp\/v2\/pages\/111\/revisions"}],"predecessor-version":[{"id":475,"href":"https:\/\/ecalder.com\/SA\/wp-json\/wp\/v2\/pages\/111\/revisions\/475"}],"wp:attachment":[{"href":"https:\/\/ecalder.com\/SA\/wp-json\/wp\/v2\/media?parent=111"}],"curies":[{"name":"wp","href":"https:\/\/api.w.org\/{rel}","templated":true}]}}